{"id":51128,"date":"2022-07-05T17:52:00","date_gmt":"2022-07-05T16:52:00","guid":{"rendered":"https:\/\/optique-wirtz.lu\/lunettes-de-soleil\/"},"modified":"2023-03-27T13:52:27","modified_gmt":"2023-03-27T11:52:27","slug":"sonnenbrillen","status":"publish","type":"page","link":"https:\/\/optique-wirtz.lu\/de\/sonnenbrillen\/","title":{"rendered":"Sonnenbrillen"},"content":{"rendered":"<p>[et_pb_section fb_built=&#8220;1&#8243; custom_padding_last_edited=&#8220;on|phone&#8220; _builder_version=&#8220;4.17.1&#8243; _module_preset=&#8220;default&#8220; background_color=&#8220;#f8f6f1&#8243; custom_margin=&#8220;0px||0px||false|false&#8220; custom_padding=&#8220;50px||0px||false|false&#8220; custom_padding_tablet=&#8220;45px||0px||false|false&#8220; custom_padding_phone=&#8220;36px||0px||false|false&#8220; animation_style=&#8220;fade&#8220; animation_duration=&#8220;800ms&#8220; global_colors_info=&#8220;{}&#8220;][et_pb_row custom_padding_last_edited=&#8220;on|phone&#8220; _builder_version=&#8220;4.17.1&#8243; _module_preset=&#8220;default&#8220; width=&#8220;100%&#8220; max_width=&#8220;100%&#8220; custom_margin=&#8220;0px||0px||false|false&#8220; custom_margin_tablet=&#8220;0px||0px||false|false&#8220; custom_margin_phone=&#8220;0px||0px||false|false&#8220; custom_margin_last_edited=&#8220;on|phone&#8220; custom_padding=&#8220;0px||0px||false|false&#8220; custom_padding_tablet=&#8220;0px||0px||false|false&#8220; custom_padding_phone=&#8220;0px|20px|0px|20px|false|false&#8220; global_colors_info=&#8220;{}&#8220;][et_pb_column type=&#8220;4_4&#8243; _builder_version=&#8220;4.17.1&#8243; _module_preset=&#8220;default&#8220; global_colors_info=&#8220;{}&#8220;][et_pb_divider color=&#8220;#615f5c&#8220; divider_position=&#8220;center&#8220; _builder_version=&#8220;4.17.1&#8243; _module_preset=&#8220;default&#8220; custom_margin=&#8220;0px||0px||false|false&#8220; custom_padding=&#8220;0px||0px||false|false&#8220; global_colors_info=&#8220;{}&#8220;][\/et_pb_divider][\/et_pb_column][\/et_pb_row][et_pb_row column_structure=&#8220;1_2,1_2&#8243; use_custom_gutter=&#8220;on&#8220; gutter_width=&#8220;1&#8243; custom_padding_last_edited=&#8220;on|phone&#8220; _builder_version=&#8220;4.17.1&#8243; _module_preset=&#8220;default&#8220; width=&#8220;100%&#8220; max_width=&#8220;100%&#8220; custom_margin=&#8220;0px||0px||false|false&#8220; custom_padding=&#8220;48px||48px||false|false&#8220; custom_padding_tablet=&#8220;48px||48px||false|false&#8220; custom_padding_phone=&#8220;36px||39px||false|false&#8220; border_color_top=&#8220;#433d39&#8243; border_color_bottom=&#8220;#433d39&#8243; global_colors_info=&#8220;{}&#8220;][et_pb_column type=&#8220;1_2&#8243; disabled_on=&#8220;off|off|off&#8220; _builder_version=&#8220;4.17.1&#8243; _module_preset=&#8220;default&#8220; global_colors_info=&#8220;{}&#8220;][et_pb_image src=&#8220;https:\/\/optique-wirtz.lu\/wp-content\/uploads\/2022\/11\/Optique-Wirtz-lunettes-soleil-top-2.jpg&#8220; title_text=&#8220;Optique Wirtz Sonnenbrillen top 2&#8243; align=&#8220;center&#8220; _builder_version=&#8220;4.17.4&#8243; _module_preset=&#8220;default&#8220; height=&#8220;80%&#8220; custom_margin=&#8220;0px||0px||false|false&#8220; custom_margin_tablet=&#8220;0px||80px||false|false&#8220; custom_margin_phone=&#8220;0px||80px||false|false&#8220; custom_margin_last_edited=&#8220;on|phone&#8220; custom_padding=&#8220;0px||0px||false|false&#8220; animation_style=&#8220;slide&#8220; animation_delay=&#8220;800ms&#8220; animation_intensity_slide=&#8220;10%&#8220; global_colors_info=&#8220;{}&#8220;][\/et_pb_image][et_pb_code _builder_version=&#8220;4.17.1&#8243; _module_preset=&#8220;default&#8220; global_colors_info=&#8220;{}&#8220;]<\/p>\n<style><!-- [et_pb_line_break_holder] -->  <!-- [et_pb_line_break_holder] -->  .et_pb_section{<!-- [et_pb_line_break_holder] -->    padding: 0 70px 70px;<!-- [et_pb_line_break_holder] -->  }<!-- [et_pb_line_break_holder] -->  <!-- [et_pb_line_break_holder] -->    @media screen and (max-width: 1679px) {<!-- [et_pb_line_break_holder] -->    .et_pb_section {<!-- [et_pb_line_break_holder] -->      padding: 0 40px 40px;<!-- [et_pb_line_break_holder] -->    }<!-- [et_pb_line_break_holder] -->\t}<!-- [et_pb_line_break_holder] -->  <!-- [et_pb_line_break_holder] -->      @media screen and (max-width: 1279px) {<!-- [et_pb_line_break_holder] -->    .et_pb_section {<!-- [et_pb_line_break_holder] -->      padding: 0;<!-- [et_pb_line_break_holder] -->    }<!-- [et_pb_line_break_holder] -->\t}<!-- [et_pb_line_break_holder] --><!-- [et_pb_line_break_holder] --><!-- [et_pb_line_break_holder] --><\/style>\n<p>[\/et_pb_code][\/et_pb_column][et_pb_column type=&#8220;1_2&#8243; _builder_version=&#8220;4.17.1&#8243; _module_preset=&#8220;default&#8220; custom_padding=&#8220;4vh|||12vh|false|false&#8220; custom_padding_tablet=&#8220;0px|40px||40px|false|false&#8220; custom_padding_phone=&#8220;|20px||20px|false|false&#8220; custom_padding_last_edited=&#8220;on|tablet&#8220; global_colors_info=&#8220;{}&#8220;][et_pb_text _builder_version=&#8220;4.17.4&#8243; _module_preset=&#8220;default&#8220; header_4_font=&#8220;Hind Siliguri|600|||||||&#8220; header_4_text_align=&#8220;left&#8220; header_4_text_color=&#8220;#5e90c8&#8243; header_4_font_size=&#8220;25px&#8220; custom_margin=&#8220;0px||10px||false|false&#8220; custom_padding=&#8220;0px||0px||false|false&#8220; animation_style=&#8220;slide&#8220; animation_direction=&#8220;right&#8220; animation_delay=&#8220;1000ms&#8220; animation_intensity_slide=&#8220;10%&#8220; animation_direction_last_edited=&#8220;off|desktop&#8220; global_colors_info=&#8220;{}&#8220;]<\/p>\n<h4>Optique Wirtz<\/h4>\n<p>[\/et_pb_text][et_pb_text _builder_version=&#8220;4.20.2&#8243; _module_preset=&#8220;default&#8220; header_font=&#8220;Oswald|||on|||||&#8220; header_text_align=&#8220;left&#8220; header_text_color=&#8220;#23201e&#8220; header_font_size=&#8220;10vh&#8220; header_line_height=&#8220;1.2em&#8220; custom_margin=&#8220;0px||30px||false|false&#8220; custom_padding=&#8220;0px||0px||false|false&#8220; animation_style=&#8220;slide&#8220; animation_direction=&#8220;right&#8220; animation_delay=&#8220;1200ms&#8220; animation_intensity_slide=&#8220;10%&#8220; header_font_size_tablet=&#8220;78px&#8220; header_font_size_phone=&#8220;45px&#8220; header_font_size_last_edited=&#8220;on|phone&#8220; global_colors_info=&#8220;{}&#8220;]<\/p>\n<h1>Sonnenbrillen<\/h1>\n<p>[\/et_pb_text][et_pb_text _builder_version=&#8220;4.17.4&#8243; _module_preset=&#8220;default&#8220; text_font=&#8220;Hind Siliguri|300|||||||&#8220; text_text_color=&#8220;#2b2824&#8243; text_font_size=&#8220;23px&#8220; text_line_height=&#8220;1.6em&#8220; custom_margin=&#8220;0px||36px||false|false&#8220; custom_padding=&#8220;40px||0px||false|false&#8220; text_font_size_tablet=&#8220;23px&#8220; text_font_size_phone=&#8220;20px&#8220; text_font_size_last_edited=&#8220;on|phone&#8220; global_colors_info=&#8220;{}&#8220;]<\/p>\n<p style=\"text-align: justify;\">Optique Wirtz bietet Ihnen eine gro\u00dfe Auswahl an Marken, die auf Ihre Bed\u00fcrfnisse sowie Ihren Lebensstil zugeschnitten sind.<\/p>\n<p>[\/et_pb_text][\/et_pb_column][\/et_pb_row][\/et_pb_section][et_pb_section fb_built=&#8220;1&#8243; custom_padding_last_edited=&#8220;off|phone&#8220; admin_label=&#8220;1&#8243; _builder_version=&#8220;4.17.4&#8243; background_color=&#8220;#f8f6f1&#8243; custom_padding=&#8220;0px||0px||true|false&#8220; custom_padding_phone=&#8220;15px||&#8220; global_colors_info=&#8220;{}&#8220;][et_pb_row column_structure=&#8220;1_3,1_3,1_3&#8243; use_custom_gutter=&#8220;on&#8220; gutter_width=&#8220;1&#8243; make_equal=&#8220;on&#8220; admin_label=&#8220;2&#8243; module_class=&#8220; et_pb_row_fullwidth&#8220; _builder_version=&#8220;4.16&#8243; width=&#8220;100%&#8220; width_tablet=&#8220;100%&#8220; width_phone=&#8220;&#8220; width_last_edited=&#8220;on|desktop&#8220; max_width=&#8220;100%&#8220; max_width_tablet=&#8220;100%&#8220; max_width_phone=&#8220;&#8220; max_width_last_edited=&#8220;on|desktop&#8220; custom_padding=&#8220;0px|0px|0px|0px|true|false&#8220; make_fullwidth=&#8220;on&#8220; global_colors_info=&#8220;{}&#8220;][et_pb_column type=&#8220;1_3&#8243; _builder_version=&#8220;4.16&#8243; custom_padding=&#8220;|||&#8220; global_colors_info=&#8220;{}&#8220; custom_padding__hover=&#8220;|||&#8220;][et_pb_cta title=&#8220;Sch\u00fctzen Sie sich mit Stil&#8220; button_url=&#8220;#top&#8220; _builder_version=&#8220;4.20.2&#8243; header_font=&#8220;Oswald|700|||||||&#8220; header_text_color=&#8220;#5e90c8&#8243; header_font_size=&#8220;35px&#8220; header_line_height=&#8220;1.5em&#8220; body_font=&#8220;Hind Siliguri|500|||||||&#8220; body_text_color=&#8220;#000000&#8243; body_font_size=&#8220;20px&#8220; body_line_height=&#8220;1.8em&#8220; background_enable_color=&#8220;off&#8220; custom_button=&#8220;on&#8220; button_text_size=&#8220;14px&#8220; button_text_color=&#8220;#ffffff&#8220; button_bg_color=&#8220;#383838&#8243; button_border_width=&#8220;11px&#8220; button_border_color=&#8220;#383838&#8243; button_border_radius=&#8220;0px&#8220; button_letter_spacing=&#8220;1px&#8220; button_font=&#8220;Poppins|||on|||||&#8220; button_use_icon=&#8220;off&#8220; text_orientation=&#8220;left&#8220; max_width_last_edited=&#8220;off|desktop&#8220; module_alignment=&#8220;right&#8220; custom_margin=&#8220;200px|5px|10px||false|false&#8220; custom_padding=&#8220;16%|12%|16%|12%|true|true&#8220; animation_direction=&#8220;bottom&#8220; header_font_size_tablet=&#8220;&#8220; header_font_size_phone=&#8220;20px&#8220; header_font_size_last_edited=&#8220;on|phone&#8220; button_text_color_hover=&#8220;#ffffff&#8220; button_border_color_hover=&#8220;#3FA2F7 &#8220; button_border_radius_hover=&#8220;5px&#8220; button_letter_spacing_hover=&#8220;4px&#8220; button_bg_color_hover=&#8220;#3FA2F7 &#8220; global_colors_info=&#8220;{}&#8220; button_text_size__hover_enabled=&#8220;off&#8220; button_one_text_size__hover_enabled=&#8220;off&#8220; button_two_text_size__hover_enabled=&#8220;off&#8220; button_text_color__hover_enabled=&#8220;on&#8220; button_text_color__hover=&#8220;#000000&#8243; button_one_text_color__hover_enabled=&#8220;off&#8220; button_two_text_color__hover_enabled=&#8220;off&#8220; button_border_width__hover_enabled=&#8220;off&#8220; button_one_border_width__hover_enabled=&#8220;off&#8220; button_two_border_width__hover_enabled=&#8220;off&#8220; button_border_color__hover_enabled=&#8220;on&#8220; button_border_color__hover=&#8220;#bfbfbf&#8220; button_one_border_color__hover_enabled=&#8220;off&#8220; button_two_border_color__hover_enabled=&#8220;off&#8220; button_border_radius__hover_enabled=&#8220;off&#8220; button_border_radius__hover=&#8220;5px&#8220; button_one_border_radius__hover_enabled=&#8220;off&#8220; button_two_border_radius__hover_enabled=&#8220;off&#8220; button_letter_spacing__hover_enabled=&#8220;on&#8220; button_letter_spacing__hover=&#8220;2px&#8220; button_one_letter_spacing__hover_enabled=&#8220;off&#8220; button_two_letter_spacing__hover_enabled=&#8220;off&#8220; button_bg_color__hover_enabled=&#8220;on&#8220; button_bg_color__hover=&#8220;#bfbfbf&#8220; button_one_bg_color__hover_enabled=&#8220;off&#8220; button_two_bg_color__hover_enabled=&#8220;off&#8220; background__hover_enabled=&#8220;off&#8220; background_color__hover=&#8220;#000000&#8243; header_text_color__hover_enabled=&#8220;off&#8220; header_text_color__hover=&#8220;#ffffff&#8220; body_text_color__hover_enabled=&#8220;off&#8220; body_text_color__hover=&#8220;#ffffff&#8220;]<\/p>\n<p style=\"text-align: justify;\">Sonnenbrillen sch\u00fctzen Ihre Augen vor den UV-Strahlen der Sonne und verleihen Ihrem Look eine stilvolle Note. Eine gute Sonnenbrille tr\u00e4gt auch dazu bei, Blendungen zu reduzieren und die Klarheit zu verbessern, was sie zu einem idealen Accessoire f\u00fcr den t\u00e4glichen Gebrauch macht.<\/p>\n<p>[\/et_pb_cta][et_pb_image src=&#8220;https:\/\/optique-wirtz.lu\/wp-content\/uploads\/2022\/11\/Optique-Wirtz-lunettes-de-soleil-2.jpg&#8220; title_text=&#8220;Optique Wirtz Sonnenbrillen 2&#8243; _builder_version=&#8220;4.17.4&#8243; custom_margin=&#8220;|5px|||false|false&#8220; global_colors_info=&#8220;{}&#8220;][\/et_pb_image][\/et_pb_column][et_pb_column type=&#8220;1_3&#8243; _builder_version=&#8220;4.16&#8243; custom_padding=&#8220;|||&#8220; global_colors_info=&#8220;{}&#8220; custom_padding__hover=&#8220;|||&#8220;][et_pb_image src=&#8220;https:\/\/optique-wirtz.lu\/wp-content\/uploads\/2022\/11\/Optique-Wirtz-lunettes-de-soleil-1.jpg&#8220; title_text=&#8220;Optique Wirtz Sonnenbrillen 1&#8243; _builder_version=&#8220;4.17.4&#8243; custom_margin=&#8220;100px|5px||5px|false|true&#8220; global_colors_info=&#8220;{}&#8220;][\/et_pb_image][et_pb_cta title=&#8220;Exklusive Kollektionen&#8220; button_url=&#8220;#top&#8220; _builder_version=&#8220;4.20.2&#8243; header_font=&#8220;Oswald|700|||||||&#8220; header_text_color=&#8220;#5e90c8&#8243; header_font_size=&#8220;35px&#8220; header_line_height=&#8220;1.5em&#8220; body_font=&#8220;Hind Siliguri||||||||&#8220; body_text_color=&#8220;#000000&#8243; body_font_size=&#8220;20px&#8220; body_line_height=&#8220;1.8em&#8220; background_enable_color=&#8220;off&#8220; custom_button=&#8220;on&#8220; button_text_size=&#8220;14px&#8220; button_text_color=&#8220;#ffffff&#8220; button_bg_color=&#8220;#383838&#8243; button_border_width=&#8220;11px&#8220; button_border_color=&#8220;#383838&#8243; button_border_radius=&#8220;0px&#8220; button_letter_spacing=&#8220;1px&#8220; button_font=&#8220;Poppins|||on|||||&#8220; button_use_icon=&#8220;off&#8220; text_orientation=&#8220;left&#8220; max_width_last_edited=&#8220;off|desktop&#8220; module_alignment=&#8220;right&#8220; custom_margin=&#8220;10px|5px||5px|false|true&#8220; custom_padding=&#8220;16%|12%|16%|12%|true|true&#8220; animation_direction=&#8220;bottom&#8220; header_font_size_tablet=&#8220;&#8220; header_font_size_phone=&#8220;20px&#8220; header_font_size_last_edited=&#8220;on|phone&#8220; button_text_color_hover=&#8220;#ffffff&#8220; button_border_color_hover=&#8220;#3FA2F7 &#8220; button_border_radius_hover=&#8220;5px&#8220; button_letter_spacing_hover=&#8220;4px&#8220; button_bg_color_hover=&#8220;#3FA2F7 &#8220; global_colors_info=&#8220;{}&#8220; button_text_size__hover_enabled=&#8220;off&#8220; button_one_text_size__hover_enabled=&#8220;off&#8220; button_two_text_size__hover_enabled=&#8220;off&#8220; button_text_color__hover_enabled=&#8220;on&#8220; button_text_color__hover=&#8220;#000000&#8243; button_one_text_color__hover_enabled=&#8220;off&#8220; button_two_text_color__hover_enabled=&#8220;off&#8220; button_border_width__hover_enabled=&#8220;off&#8220; button_one_border_width__hover_enabled=&#8220;off&#8220; button_two_border_width__hover_enabled=&#8220;off&#8220; button_border_color__hover_enabled=&#8220;on&#8220; button_border_color__hover=&#8220;#bfbfbf&#8220; button_one_border_color__hover_enabled=&#8220;off&#8220; button_two_border_color__hover_enabled=&#8220;off&#8220; button_border_radius__hover_enabled=&#8220;off&#8220; button_border_radius__hover=&#8220;5px&#8220; button_one_border_radius__hover_enabled=&#8220;off&#8220; button_two_border_radius__hover_enabled=&#8220;off&#8220; button_letter_spacing__hover_enabled=&#8220;on&#8220; button_letter_spacing__hover=&#8220;2px&#8220; button_one_letter_spacing__hover_enabled=&#8220;off&#8220; button_two_letter_spacing__hover_enabled=&#8220;off&#8220; button_bg_color__hover_enabled=&#8220;on&#8220; button_bg_color__hover=&#8220;#bfbfbf&#8220; button_one_bg_color__hover_enabled=&#8220;off&#8220; button_two_bg_color__hover_enabled=&#8220;off&#8220; background__hover_enabled=&#8220;off&#8220; background_color__hover=&#8220;#000000&#8243; header_text_color__hover_enabled=&#8220;off&#8220; header_text_color__hover=&#8220;#ffffff&#8220; body_text_color__hover_enabled=&#8220;off&#8220; body_text_color__hover=&#8220;#ffffff&#8220;]<\/p>\n<p style=\"text-align: justify;\">In unseren drei Gesch\u00e4ften finden Sie viele Marken, unter denen Sie garantiert das Sonnenbrillenmodell finden werden, das perfekt zu Ihnen passt. Werfen Sie gerne einen Blick auf unsere exklusiven Kollektionen!<\/p>\n<p>[\/et_pb_cta][et_pb_button button_url=&#8220;\/startseite#marken&#8220; button_text=&#8220;UNSERE MARKEN&#8220; button_alignment=&#8220;center&#8220; button_alignment_tablet=&#8220;center&#8220; button_alignment_phone=&#8220;center&#8220; button_alignment_last_edited=&#8220;on|tablet&#8220; _builder_version=&#8220;4.17.4&#8243; _module_preset=&#8220;default&#8220; custom_button=&#8220;on&#8220; button_text_size=&#8220;20px&#8220; button_text_color=&#8220;#23201e&#8220; button_bg_color=&#8220;RGBA(255,255,255,0)&#8220; button_border_color=&#8220;RGBA(255,255,255,0)&#8220; button_border_radius=&#8220;0px&#8220; button_font=&#8220;Hind Siliguri|600|||||||&#8220; button_icon=&#8220;&#x24;||divi||400&#8243; button_on_hover=&#8220;off&#8220; custom_margin=&#8220;0px||0px||false|false&#8220; custom_margin_tablet=&#8220;0px||50px||false|false&#8220; custom_margin_phone=&#8220;0px||50px||false|false&#8220; custom_margin_last_edited=&#8220;on|tablet&#8220; custom_padding=&#8220;0px||0px|0px|false|false&#8220; global_colors_info=&#8220;{}&#8220; button_letter_spacing__hover=&#8220;0px&#8220; button_letter_spacing__hover_enabled=&#8220;on|hover&#8220;][\/et_pb_button][\/et_pb_column][et_pb_column type=&#8220;1_3&#8243; _builder_version=&#8220;4.16&#8243; custom_padding=&#8220;|||&#8220; global_colors_info=&#8220;{}&#8220; custom_padding__hover=&#8220;|||&#8220;][et_pb_cta title=&#8220;Gl\u00e4ser in Ihrer Sehst\u00e4rke&#8220; button_url=&#8220;#top&#8220; _builder_version=&#8220;4.20.2&#8243; header_font=&#8220;Oswald|700|||||||&#8220; header_text_color=&#8220;#5e90c8&#8243; header_font_size=&#8220;35px&#8220; header_line_height=&#8220;1.5em&#8220; body_font=&#8220;Hind Siliguri|500|||||||&#8220; body_text_color=&#8220;#000000&#8243; body_font_size=&#8220;20px&#8220; body_line_height=&#8220;1.8em&#8220; background_enable_color=&#8220;off&#8220; custom_button=&#8220;on&#8220; button_text_size=&#8220;14px&#8220; button_text_color=&#8220;#ffffff&#8220; button_bg_color=&#8220;#383838&#8243; button_border_width=&#8220;11px&#8220; button_border_color=&#8220;#383838&#8243; button_border_radius=&#8220;0px&#8220; button_letter_spacing=&#8220;1px&#8220; button_font=&#8220;Poppins|||on|||||&#8220; button_use_icon=&#8220;off&#8220; text_orientation=&#8220;left&#8220; max_width_last_edited=&#8220;off|desktop&#8220; module_alignment=&#8220;right&#8220; custom_margin=&#8220;0px||10px|5px|false|false&#8220; custom_padding=&#8220;16%|12%|16%|12%|true|true&#8220; animation_direction=&#8220;bottom&#8220; header_font_size_tablet=&#8220;&#8220; header_font_size_phone=&#8220;20px&#8220; header_font_size_last_edited=&#8220;on|phone&#8220; button_text_color_hover=&#8220;#ffffff&#8220; button_border_color_hover=&#8220;#3FA2F7 &#8220; button_border_radius_hover=&#8220;5px&#8220; button_letter_spacing_hover=&#8220;4px&#8220; button_bg_color_hover=&#8220;#3FA2F7 &#8220; global_colors_info=&#8220;{}&#8220; button_text_size__hover_enabled=&#8220;off&#8220; button_one_text_size__hover_enabled=&#8220;off&#8220; button_two_text_size__hover_enabled=&#8220;off&#8220; button_text_color__hover_enabled=&#8220;on&#8220; button_text_color__hover=&#8220;#000000&#8243; button_one_text_color__hover_enabled=&#8220;off&#8220; button_two_text_color__hover_enabled=&#8220;off&#8220; button_border_width__hover_enabled=&#8220;off&#8220; button_one_border_width__hover_enabled=&#8220;off&#8220; button_two_border_width__hover_enabled=&#8220;off&#8220; button_border_color__hover_enabled=&#8220;on&#8220; button_border_color__hover=&#8220;#bfbfbf&#8220; button_one_border_color__hover_enabled=&#8220;off&#8220; button_two_border_color__hover_enabled=&#8220;off&#8220; button_border_radius__hover_enabled=&#8220;off&#8220; button_border_radius__hover=&#8220;5px&#8220; button_one_border_radius__hover_enabled=&#8220;off&#8220; button_two_border_radius__hover_enabled=&#8220;off&#8220; button_letter_spacing__hover_enabled=&#8220;on&#8220; button_letter_spacing__hover=&#8220;2px&#8220; button_one_letter_spacing__hover_enabled=&#8220;off&#8220; button_two_letter_spacing__hover_enabled=&#8220;off&#8220; button_bg_color__hover_enabled=&#8220;on&#8220; button_bg_color__hover=&#8220;#bfbfbf&#8220; button_one_bg_color__hover_enabled=&#8220;off&#8220; button_two_bg_color__hover_enabled=&#8220;off&#8220; background__hover_enabled=&#8220;off&#8220; background_color__hover=&#8220;#000000&#8243; header_text_color__hover_enabled=&#8220;off&#8220; header_text_color__hover=&#8220;#ffffff&#8220; body_text_color__hover_enabled=&#8220;off&#8220; body_text_color__hover=&#8220;#ffffff&#8220;]<\/p>\n<p style=\"text-align: justify;\">Eine Sonnenbrille mit Korrekturgl\u00e4sern ist unverzichtbar f\u00fcr alle, die eine Sehkorrektur ben\u00f6tigen. Diese Gl\u00e4ser bieten nicht nur optimalen Schutz vor den sch\u00e4dlichen UV-Strahlen der Sonne, sondern sorgen auch f\u00fcr eine gestochen scharfe Sicht und verringern die Erm\u00fcdung der Augen. Dar\u00fcber hinaus k\u00f6nnen die Gl\u00e4ser auch mit kratzfesten und antireflexiven Beschichtungen ausgestattet werden.<\/p>\n<p>[\/et_pb_cta][et_pb_image src=&#8220;https:\/\/optique-wirtz.lu\/wp-content\/uploads\/2022\/11\/Optique-Wirtz-lunettes-de-soleil-3.jpg&#8220; title_text=&#8220;Optique Wirtz Sonnenbrillen 3&#8243; _builder_version=&#8220;4.17.4&#8243; custom_margin=&#8220;|||5px|false|false&#8220; global_colors_info=&#8220;{}&#8220;][\/et_pb_image][\/et_pb_column][\/et_pb_row][\/et_pb_section][et_pb_section fb_built=&#8220;1&#8243; _builder_version=&#8220;4.17.4&#8243; _module_preset=&#8220;default&#8220; background_color=&#8220;#f8f6f1&#8243; global_colors_info=&#8220;{}&#8220;][et_pb_row column_structure=&#8220;2_3,1_3&#8243; _builder_version=&#8220;4.17.4&#8243; _module_preset=&#8220;default&#8220; global_colors_info=&#8220;{}&#8220;][et_pb_column type=&#8220;2_3&#8243; _builder_version=&#8220;4.17.4&#8243; _module_preset=&#8220;default&#8220; global_colors_info=&#8220;{}&#8220;][et_pb_text _builder_version=&#8220;4.17.4&#8243; _module_preset=&#8220;default&#8220; text_font=&#8220;Oswald||||||||&#8220; text_text_color=&#8220;#000000&#8243; text_font_size=&#8220;45px&#8220; text_line_height=&#8220;1.6em&#8220; custom_margin=&#8220;50px||||false|false&#8220; global_colors_info=&#8220;{}&#8220;]<\/p>\n<p>Eine Frage, eine Information?<br \/>Z\u00f6gern Sie nicht, uns zu kontaktieren.<\/p>\n<p>[\/et_pb_text][et_pb_button button_url=&#8220;@ET-DC@eyJkeW5hbWljIjp0cnVlLCJjb250ZW50IjoicG9zdF9saW5rX3VybF9wYWdlIiwic2V0dGluZ3MiOnsicG9zdF9pZCI6IjUwMDgxIn19@&#8220; button_text=&#8220;KONTAKT&#8220; button_alignment=&#8220;left&#8220; button_alignment_tablet=&#8220;center&#8220; button_alignment_phone=&#8220;center&#8220; button_alignment_last_edited=&#8220;on|tablet&#8220; _builder_version=&#8220;4.17.4&#8243; _dynamic_attributes=&#8220;button_url&#8220; _module_preset=&#8220;default&#8220; custom_button=&#8220;on&#8220; button_text_size=&#8220;20px&#8220; button_text_color=&#8220;#23201e&#8220; button_bg_color=&#8220;RGBA(255,255,255,0)&#8220; button_border_color=&#8220;RGBA(255,255,255,0)&#8220; button_border_radius=&#8220;0px&#8220; button_font=&#8220;Hind Siliguri|600|||||||&#8220; button_icon=&#8220;&#x24;||divi||400&#8243; button_on_hover=&#8220;off&#8220; custom_margin=&#8220;0px||0px||false|false&#8220; custom_margin_tablet=&#8220;0px||50px||false|false&#8220; custom_margin_phone=&#8220;0px||50px||false|false&#8220; custom_margin_last_edited=&#8220;on|tablet&#8220; custom_padding=&#8220;0px||0px|0px|false|false&#8220; global_colors_info=&#8220;{}&#8220; button_letter_spacing__hover=&#8220;0px&#8220; button_letter_spacing__hover_enabled=&#8220;on|hover&#8220; button_text_color__hover_enabled=&#8220;on|hover&#8220; button_text_color__hover=&#8220;#E02B20&#8243;][\/et_pb_button][\/et_pb_column][et_pb_column type=&#8220;1_3&#8243; _builder_version=&#8220;4.17.4&#8243; _module_preset=&#8220;default&#8220; global_colors_info=&#8220;{}&#8220;][et_pb_image src=&#8220;https:\/\/optique-wirtz.lu\/wp-content\/uploads\/2022\/11\/Optique-Wirtz-lunettes-de-soleil-3.jpg&#8220; title_text=&#8220;Optique Wirtz Sonnenbrillen 3&#8243; _builder_version=&#8220;4.17.4&#8243; _module_preset=&#8220;default&#8220; global_colors_info=&#8220;{}&#8220;][\/et_pb_image][\/et_pb_column][\/et_pb_row][\/et_pb_section]<\/p>\n","protected":false},"excerpt":{"rendered":"<p>Optique WirtzSonnenbrillenOptique Wirtz bietet Ihnen eine gro\u00dfe Auswahl an Marken, die auf Ihre Bed\u00fcrfnisse sowie Ihren Lebensstil zugeschnitten sind.Sonnenbrillen sch\u00fctzen Ihre Augen vor den UV-Strahlen der Sonne und verleihen Ihrem Look eine stilvolle Note. Eine gute Sonnenbrille tr\u00e4gt auch dazu bei, Blendungen zu reduzieren und die Klarheit zu verbessern, was sie zu einem idealen Accessoire f\u00fcr den t\u00e4glichen Gebrauch macht.In unseren drei Gesch\u00e4ften finden Sie viele Marken, unter denen Sie garantiert das Sonnenbrillenmodell finden werden, das perfekt zu Ihnen passt. Werfen Sie gerne einen Blick auf unsere exklusiven Kollektionen!Eine Sonnenbrille mit Korrekturgl\u00e4sern ist unverzichtbar f\u00fcr alle, die eine Sehkorrektur ben\u00f6tigen. Diese Gl\u00e4ser bieten nicht nur optimalen Schutz vor den sch\u00e4dlichen UV-Strahlen der Sonne, sondern sorgen auch f\u00fcr eine gestochen scharfe Sicht und verringern die Erm\u00fcdung der Augen. Dar\u00fcber hinaus k\u00f6nnen die Gl\u00e4ser auch mit kratzfesten und antireflexiven Beschichtungen ausgestattet werden.Eine Frage, eine Information?Z\u00f6gern Sie nicht, uns zu kontaktieren.<\/p>\n","protected":false},"author":2,"featured_media":0,"parent":0,"menu_order":0,"comment_status":"closed","ping_status":"closed","template":"","meta":{"_acf_changed":false,"_et_pb_use_builder":"on","_et_pb_old_content":"","_et_gb_content_width":"","footnotes":""},"class_list":["post-51128","page","type-page","status-publish","hentry"],"acf":[],"_links":{"self":[{"href":"https:\/\/optique-wirtz.lu\/de\/wp-json\/wp\/v2\/pages\/51128","targetHints":{"allow":["GET"]}}],"collection":[{"href":"https:\/\/optique-wirtz.lu\/de\/wp-json\/wp\/v2\/pages"}],"about":[{"href":"https:\/\/optique-wirtz.lu\/de\/wp-json\/wp\/v2\/types\/page"}],"author":[{"embeddable":true,"href":"https:\/\/optique-wirtz.lu\/de\/wp-json\/wp\/v2\/users\/2"}],"replies":[{"embeddable":true,"href":"https:\/\/optique-wirtz.lu\/de\/wp-json\/wp\/v2\/comments?post=51128"}],"version-history":[{"count":0,"href":"https:\/\/optique-wirtz.lu\/de\/wp-json\/wp\/v2\/pages\/51128\/revisions"}],"wp:attachment":[{"href":"https:\/\/optique-wirtz.lu\/de\/wp-json\/wp\/v2\/media?parent=51128"}],"curies":[{"name":"wp","href":"https:\/\/api.w.org\/{rel}","templated":true}]}}